{"id":104099,"date":"2026-04-18T10:01:03","date_gmt":"2026-04-18T08:01:03","guid":{"rendered":"https:\/\/hantom.ch\/product\/t2002102-nexans-le-cable-souterrain-le-24-t12-ggt-900-g652-d\/"},"modified":"2026-04-01T10:52:35","modified_gmt":"2026-04-01T08:52:35","slug":"t2002102-nexans-le-cable-souterrain-le-24-t12-ggt-900-g652-d","status":"publish","type":"product","link":"https:\/\/hantom.ch\/fr\/produit\/t2002102-nexans-le-cable-souterrain-le-24-t12-ggt-900-g652-d\/","title":{"rendered":"T2002102 &#8211; Nexans LE c\u00e2ble souterrain LE 24\/T12 GGT\/900 G652-D"},"content":{"rendered":"<p>C\u00e2ble \u00e0 fibres optiques sans m\u00e9tal avec plusieurs faisceaux.<br \/>\u00c9tanche \u00e0 l&apos;eau dans le sens longitudinal<br \/>Protection contre les rongeurs<br \/>Convient pour souffler<br \/>Conforme au cahier des charges de Swisscom<br \/>Conforme au cahier des charges de l&apos;Office f\u00e9d\u00e9ral des t\u00e9l\u00e9communications<\/p>\n","protected":false},"excerpt":{"rendered":"<p>C\u00e2ble \u00e0 fibres optiques sans m\u00e9tal avec plusieurs faisceaux.\u00c9tanche \u00e0 l&apos;eau dans le sens longitudinalProtection contre les rongeursConvient pour soufflerConforme au cahier des charges de SwisscomConforme au cahier des charges de l&apos;Office f\u00e9d\u00e9ral des t\u00e9l\u00e9communications<\/p>\n","protected":false},"featured_media":58965,"template":"","meta":[],"product_brand":[],"product_cat":[1514,1515,1507,1508],"product_tag":[],"class_list":{"0":"post-104099","1":"product","2":"type-product","3":"status-publish","4":"has-post-thumbnail","6":"product_cat-t2002-fr","7":"product_cat-t20021-fr","8":"product_cat-t-fr","9":"product_cat-t20-fr","10":"pa_mengeneinheit-m","12":"first","13":"instock","14":"taxable","15":"shipping-taxable","16":"purchasable","17":"product-type-simple"},"_links":{"self":[{"href":"https:\/\/hantom.ch\/fr\/wp-json\/wp\/v2\/product\/104099","targetHints":{"allow":["GET"]}}],"collection":[{"href":"https:\/\/hantom.ch\/fr\/wp-json\/wp\/v2\/product"}],"about":[{"href":"https:\/\/hantom.ch\/fr\/wp-json\/wp\/v2\/types\/product"}],"wp:featuredmedia":[{"embeddable":true,"href":"https:\/\/hantom.ch\/fr\/wp-json\/wp\/v2\/media\/58965"}],"wp:attachment":[{"href":"https:\/\/hantom.ch\/fr\/wp-json\/wp\/v2\/media?parent=104099"}],"wp:term":[{"taxonomy":"product_brand","embeddable":true,"href":"https:\/\/hantom.ch\/fr\/wp-json\/wp\/v2\/product_brand?post=104099"},{"taxonomy":"product_cat","embeddable":true,"href":"https:\/\/hantom.ch\/fr\/wp-json\/wp\/v2\/product_cat?post=104099"},{"taxonomy":"product_tag","embeddable":true,"href":"https:\/\/hantom.ch\/fr\/wp-json\/wp\/v2\/product_tag?post=104099"}],"curies":[{"name":"wp","href":"https:\/\/api.w.org\/{rel}","templated":true}]}}