{"id":104109,"date":"2026-04-20T10:01:57","date_gmt":"2026-04-20T08:01:57","guid":{"rendered":"https:\/\/hantom.ch\/product\/t2002302-cable-exterieur-a-fibres-optiques-pengg-a-dqbn2y-hd12x24-e9-125-5kn\/"},"modified":"2026-04-01T10:52:43","modified_gmt":"2026-04-01T08:52:43","slug":"t2002302-cable-exterieur-a-fibres-optiques-pengg-a-dqbn2y-hd12x24-e9-125-5kn","status":"publish","type":"product","link":"https:\/\/hantom.ch\/fr\/produit\/t2002302-cable-exterieur-a-fibres-optiques-pengg-a-dqbn2y-hd12x24-e9-125-5kn\/","title":{"rendered":"T2002302 &#8211; C\u00e2ble ext\u00e9rieur \u00e0 fibres optiques Pengg A-DQ(BN)2Y (HD)12&#215;24 E9\/125 5kN"},"content":{"rendered":"<p>C\u00e2ble ext\u00e9rieur \u00e0 fibres optiques,  288 fibres<br \/>A-DQ(BN)2Y (HD)12&#215;24 E9\/125 5kN<br \/>Diam\u00e8tre ext\u00e9rieur 19.2 mm<br \/>Type de fibre : G.652D<\/p>\n","protected":false},"excerpt":{"rendered":"<p>C\u00e2ble ext\u00e9rieur \u00e0 fibres optiques, 288 fibresA-DQ(BN)2Y (HD)12&#215;24 E9\/125 5kNDiam\u00e8tre ext\u00e9rieur 19.2 mmType de fibre : G.652D<\/p>\n","protected":false},"featured_media":58769,"template":"","meta":[],"product_brand":[],"product_cat":[1514,1516,1507,1508],"product_tag":[],"class_list":{"0":"post-104109","1":"product","2":"type-product","3":"status-publish","4":"has-post-thumbnail","6":"product_cat-t2002-fr","7":"product_cat-t20023-fr","8":"product_cat-t-fr","9":"product_cat-t20-fr","10":"pa_mengeneinheit-m","12":"first","13":"instock","14":"taxable","15":"shipping-taxable","16":"purchasable","17":"product-type-simple"},"_links":{"self":[{"href":"https:\/\/hantom.ch\/fr\/wp-json\/wp\/v2\/product\/104109","targetHints":{"allow":["GET"]}}],"collection":[{"href":"https:\/\/hantom.ch\/fr\/wp-json\/wp\/v2\/product"}],"about":[{"href":"https:\/\/hantom.ch\/fr\/wp-json\/wp\/v2\/types\/product"}],"wp:featuredmedia":[{"embeddable":true,"href":"https:\/\/hantom.ch\/fr\/wp-json\/wp\/v2\/media\/58769"}],"wp:attachment":[{"href":"https:\/\/hantom.ch\/fr\/wp-json\/wp\/v2\/media?parent=104109"}],"wp:term":[{"taxonomy":"product_brand","embeddable":true,"href":"https:\/\/hantom.ch\/fr\/wp-json\/wp\/v2\/product_brand?post=104109"},{"taxonomy":"product_cat","embeddable":true,"href":"https:\/\/hantom.ch\/fr\/wp-json\/wp\/v2\/product_cat?post=104109"},{"taxonomy":"product_tag","embeddable":true,"href":"https:\/\/hantom.ch\/fr\/wp-json\/wp\/v2\/product_tag?post=104109"}],"curies":[{"name":"wp","href":"https:\/\/api.w.org\/{rel}","templated":true}]}}