{"id":104116,"date":"2026-04-20T10:02:08","date_gmt":"2026-04-20T08:02:08","guid":{"rendered":"https:\/\/hantom.ch\/product\/t2002313-cable-exterieur-a-fibres-optiques-pengg-a-dqzn2y-hd-8x12-e9-125-g-657a1\/"},"modified":"2026-04-01T10:52:46","modified_gmt":"2026-04-01T08:52:46","slug":"t2002313-cable-exterieur-a-fibres-optiques-pengg-a-dqzn2y-hd-8x12-e9-125-g-657a1","status":"publish","type":"product","link":"https:\/\/hantom.ch\/fr\/produit\/t2002313-cable-exterieur-a-fibres-optiques-pengg-a-dqzn2y-hd-8x12-e9-125-g-657a1\/","title":{"rendered":"T2002313 &#8211; C\u00e2ble ext\u00e9rieur \u00e0 fibres optiques Pengg A-DQ(ZN)2Y (HD) 8&#215;12 E9\/125 G.657A1"},"content":{"rendered":"<p>C\u00e2ble ext\u00e9rieur \u00e0 fibres optiques, 96 fibres<br \/>A-DQ(ZN)2Y (HD) 4&#215;12 E9\/125 <br \/>Diam\u00e8tre ext\u00e9rieur 6.3 mm<br \/>Type de fibre : G.657A1<\/p>\n","protected":false},"excerpt":{"rendered":"<p>C\u00e2ble ext\u00e9rieur \u00e0 fibres optiques, 96 fibresA-DQ(ZN)2Y (HD) 4&#215;12 E9\/125 Diam\u00e8tre ext\u00e9rieur 6.3 mmType de fibre : G.657A1<\/p>\n","protected":false},"featured_media":59279,"template":"","meta":[],"product_brand":[],"product_cat":[1514,1516,1507,1508],"product_tag":[],"class_list":{"0":"post-104116","1":"product","2":"type-product","3":"status-publish","4":"has-post-thumbnail","6":"product_cat-t2002-fr","7":"product_cat-t20023-fr","8":"product_cat-t-fr","9":"product_cat-t20-fr","10":"pa_mengeneinheit-m","12":"first","13":"instock","14":"taxable","15":"shipping-taxable","16":"purchasable","17":"product-type-simple"},"_links":{"self":[{"href":"https:\/\/hantom.ch\/fr\/wp-json\/wp\/v2\/product\/104116","targetHints":{"allow":["GET"]}}],"collection":[{"href":"https:\/\/hantom.ch\/fr\/wp-json\/wp\/v2\/product"}],"about":[{"href":"https:\/\/hantom.ch\/fr\/wp-json\/wp\/v2\/types\/product"}],"wp:featuredmedia":[{"embeddable":true,"href":"https:\/\/hantom.ch\/fr\/wp-json\/wp\/v2\/media\/59279"}],"wp:attachment":[{"href":"https:\/\/hantom.ch\/fr\/wp-json\/wp\/v2\/media?parent=104116"}],"wp:term":[{"taxonomy":"product_brand","embeddable":true,"href":"https:\/\/hantom.ch\/fr\/wp-json\/wp\/v2\/product_brand?post=104116"},{"taxonomy":"product_cat","embeddable":true,"href":"https:\/\/hantom.ch\/fr\/wp-json\/wp\/v2\/product_cat?post=104116"},{"taxonomy":"product_tag","embeddable":true,"href":"https:\/\/hantom.ch\/fr\/wp-json\/wp\/v2\/product_tag?post=104116"}],"curies":[{"name":"wp","href":"https:\/\/api.w.org\/{rel}","templated":true}]}}