{"id":104129,"date":"2026-04-18T10:01:45","date_gmt":"2026-04-18T08:01:45","guid":{"rendered":"https:\/\/hantom.ch\/product\/t2002605-fibre-optique-pengg-avec-ruban-dacier-courbe-lamine-selon-iec60332-3-a-dqznsrh-6x12e9-125\/"},"modified":"2026-04-01T10:52:59","modified_gmt":"2026-04-01T08:52:59","slug":"t2002605-fibre-optique-pengg-avec-ruban-dacier-courbe-lamine-selon-iec60332-3-a-dqznsrh-6x12e9-125","status":"publish","type":"product","link":"https:\/\/hantom.ch\/fr\/produit\/t2002605-fibre-optique-pengg-avec-ruban-dacier-courbe-lamine-selon-iec60332-3-a-dqznsrh-6x12e9-125\/","title":{"rendered":"T2002605 &#8211; Fibre optique Pengg avec ruban d&apos;acier courb\u00e9 lamin\u00e9 selon IEC60332-3 A-DQ(ZN)(SR)H 6x12E9\/125"},"content":{"rendered":"<p>Structure : El\u00e9ment de support en PRV \/ fils de faisceau remplis de gel, SZ torsad\u00e9, <br \/>remplissage de p\u00e9trolatum, \u00e9l\u00e9ments de d\u00e9charge de traction (fils d&apos;aramide gonflables), <br \/>bande d&apos;acier ondul\u00e9e, lamin\u00e9e, gaine ext\u00e9rieure FRNC (1.5mm), selon CEI 60332-2, r\u00e9sistant aux UV, noir.<\/p>\n","protected":false},"excerpt":{"rendered":"<p>Structure : El\u00e9ment de support en PRV \/ fils de faisceau remplis de gel, SZ torsad\u00e9, remplissage de p\u00e9trolatum, \u00e9l\u00e9ments de d\u00e9charge de traction (fils d&apos;aramide gonflables), bande d&apos;acier ondul\u00e9e, lamin\u00e9e, gaine ext\u00e9rieure FRNC (1.5mm), selon CEI 60332-2, r\u00e9sistant aux UV, noir.<\/p>\n","protected":false},"featured_media":59420,"template":"","meta":[],"product_brand":[],"product_cat":[1514,1518,1507,1508],"product_tag":[],"class_list":{"0":"post-104129","1":"product","2":"type-product","3":"status-publish","4":"has-post-thumbnail","6":"product_cat-t2002-fr","7":"product_cat-t20026-fr","8":"product_cat-t-fr","9":"product_cat-t20-fr","10":"pa_mengeneinheit-m","12":"first","13":"instock","14":"taxable","15":"shipping-taxable","16":"purchasable","17":"product-type-simple"},"_links":{"self":[{"href":"https:\/\/hantom.ch\/fr\/wp-json\/wp\/v2\/product\/104129","targetHints":{"allow":["GET"]}}],"collection":[{"href":"https:\/\/hantom.ch\/fr\/wp-json\/wp\/v2\/product"}],"about":[{"href":"https:\/\/hantom.ch\/fr\/wp-json\/wp\/v2\/types\/product"}],"wp:featuredmedia":[{"embeddable":true,"href":"https:\/\/hantom.ch\/fr\/wp-json\/wp\/v2\/media\/59420"}],"wp:attachment":[{"href":"https:\/\/hantom.ch\/fr\/wp-json\/wp\/v2\/media?parent=104129"}],"wp:term":[{"taxonomy":"product_brand","embeddable":true,"href":"https:\/\/hantom.ch\/fr\/wp-json\/wp\/v2\/product_brand?post=104129"},{"taxonomy":"product_cat","embeddable":true,"href":"https:\/\/hantom.ch\/fr\/wp-json\/wp\/v2\/product_cat?post=104129"},{"taxonomy":"product_tag","embeddable":true,"href":"https:\/\/hantom.ch\/fr\/wp-json\/wp\/v2\/product_tag?post=104129"}],"curies":[{"name":"wp","href":"https:\/\/api.w.org\/{rel}","templated":true}]}}