{"id":104162,"date":"2026-04-29T10:16:36","date_gmt":"2026-04-29T08:16:36","guid":{"rendered":"https:\/\/hantom.ch\/product\/t2003301-nexans-cable-aerien-avec-conducteur-a-fibre-optique-adss-ll-12-t12-d-kkt-2500\/"},"modified":"2026-04-01T10:53:25","modified_gmt":"2026-04-01T08:53:25","slug":"t2003301-nexans-cable-aerien-avec-conducteur-a-fibre-optique-adss-ll-12-t12-d-kkt-2500","status":"publish","type":"product","link":"https:\/\/hantom.ch\/fr\/produit\/t2003301-nexans-cable-aerien-avec-conducteur-a-fibre-optique-adss-ll-12-t12-d-kkt-2500\/","title":{"rendered":"T2003301 &#8211; Nexans C\u00e2ble a\u00e9rien avec conducteur \u00e0 fibre optique (ADSS) LL  12\/T12 D-KKT\/2500"},"content":{"rendered":"<p>C\u00e2ble a\u00e9rien \u00e0 fibre optique sans m\u00e9tal. ADSS avec une force <br \/>de traction maximale de 2500 daN. 12 fibres optiques monomodes standard.<\/p>\n","protected":false},"excerpt":{"rendered":"<p>C\u00e2ble a\u00e9rien \u00e0 fibre optique sans m\u00e9tal. ADSS avec une force de traction maximale de 2500 daN. 12 fibres optiques monomodes standard.<\/p>\n","protected":false},"featured_media":58620,"template":"","meta":[],"product_brand":[],"product_cat":[1520,1523,1507,1508],"product_tag":[],"class_list":{"0":"post-104162","1":"product","2":"type-product","3":"status-publish","4":"has-post-thumbnail","6":"product_cat-t2003-fr","7":"product_cat-t20033-fr","8":"product_cat-t-fr","9":"product_cat-t20-fr","10":"pa_mengeneinheit-m","12":"first","13":"instock","14":"taxable","15":"shipping-taxable","16":"purchasable","17":"product-type-simple"},"_links":{"self":[{"href":"https:\/\/hantom.ch\/fr\/wp-json\/wp\/v2\/product\/104162","targetHints":{"allow":["GET"]}}],"collection":[{"href":"https:\/\/hantom.ch\/fr\/wp-json\/wp\/v2\/product"}],"about":[{"href":"https:\/\/hantom.ch\/fr\/wp-json\/wp\/v2\/types\/product"}],"wp:featuredmedia":[{"embeddable":true,"href":"https:\/\/hantom.ch\/fr\/wp-json\/wp\/v2\/media\/58620"}],"wp:attachment":[{"href":"https:\/\/hantom.ch\/fr\/wp-json\/wp\/v2\/media?parent=104162"}],"wp:term":[{"taxonomy":"product_brand","embeddable":true,"href":"https:\/\/hantom.ch\/fr\/wp-json\/wp\/v2\/product_brand?post=104162"},{"taxonomy":"product_cat","embeddable":true,"href":"https:\/\/hantom.ch\/fr\/wp-json\/wp\/v2\/product_cat?post=104162"},{"taxonomy":"product_tag","embeddable":true,"href":"https:\/\/hantom.ch\/fr\/wp-json\/wp\/v2\/product_tag?post=104162"}],"curies":[{"name":"wp","href":"https:\/\/api.w.org\/{rel}","templated":true}]}}