{"id":104173,"date":"2026-04-04T10:45:28","date_gmt":"2026-04-04T08:45:28","guid":{"rendered":"https:\/\/hantom.ch\/product\/t2003407-nexans-cable-aerien-avec-conducteur-a-fibre-optique-adss-ll-96-t12-d-kkt-5000\/"},"modified":"2026-04-01T10:53:33","modified_gmt":"2026-04-01T08:53:33","slug":"t2003407-nexans-cable-aerien-avec-conducteur-a-fibre-optique-adss-ll-96-t12-d-kkt-5000","status":"publish","type":"product","link":"https:\/\/hantom.ch\/fr\/produit\/t2003407-nexans-cable-aerien-avec-conducteur-a-fibre-optique-adss-ll-96-t12-d-kkt-5000\/","title":{"rendered":"T2003407 &#8211; Nexans C\u00e2ble a\u00e9rien avec conducteur \u00e0 fibre optique (ADSS) LL 96\/T12 D-KKT\/5000"},"content":{"rendered":"<p>C\u00e2ble a\u00e9rien \u00e0 fibre optique sans m\u00e9tal. ADSS avec une force <br \/>de traction maximale de 5000 daN. 12 fibres optiques monomodes standard.<\/p>\n","protected":false},"excerpt":{"rendered":"<p>C\u00e2ble a\u00e9rien \u00e0 fibre optique sans m\u00e9tal. ADSS avec une force de traction maximale de 5000 daN. 12 fibres optiques monomodes standard.<\/p>\n","protected":false},"featured_media":58516,"template":"","meta":[],"product_brand":[],"product_cat":[1520,1524,1507,1508],"product_tag":[],"class_list":{"0":"post-104173","1":"product","2":"type-product","3":"status-publish","4":"has-post-thumbnail","6":"product_cat-t2003-fr","7":"product_cat-t20034-fr","8":"product_cat-t-fr","9":"product_cat-t20-fr","10":"pa_mengeneinheit-m","12":"first","13":"instock","14":"taxable","15":"shipping-taxable","16":"purchasable","17":"product-type-simple"},"_links":{"self":[{"href":"https:\/\/hantom.ch\/fr\/wp-json\/wp\/v2\/product\/104173","targetHints":{"allow":["GET"]}}],"collection":[{"href":"https:\/\/hantom.ch\/fr\/wp-json\/wp\/v2\/product"}],"about":[{"href":"https:\/\/hantom.ch\/fr\/wp-json\/wp\/v2\/types\/product"}],"wp:featuredmedia":[{"embeddable":true,"href":"https:\/\/hantom.ch\/fr\/wp-json\/wp\/v2\/media\/58516"}],"wp:attachment":[{"href":"https:\/\/hantom.ch\/fr\/wp-json\/wp\/v2\/media?parent=104173"}],"wp:term":[{"taxonomy":"product_brand","embeddable":true,"href":"https:\/\/hantom.ch\/fr\/wp-json\/wp\/v2\/product_brand?post=104173"},{"taxonomy":"product_cat","embeddable":true,"href":"https:\/\/hantom.ch\/fr\/wp-json\/wp\/v2\/product_cat?post=104173"},{"taxonomy":"product_tag","embeddable":true,"href":"https:\/\/hantom.ch\/fr\/wp-json\/wp\/v2\/product_tag?post=104173"}],"curies":[{"name":"wp","href":"https:\/\/api.w.org\/{rel}","templated":true}]}}