{"id":104190,"date":"2026-04-30T10:45:51","date_gmt":"2026-04-30T08:45:51","guid":{"rendered":"https:\/\/hantom.ch\/product\/t2301206-cables-pour-installations-de-securite-sw-clt-1-5-sw-clt_10x4x1-5-mm-d\/"},"modified":"2026-04-01T10:53:47","modified_gmt":"2026-04-01T08:53:47","slug":"t2301206-cables-pour-installations-de-securite-sw-clt-1-5-sw-clt_10x4x1-5-mm-d","status":"publish","type":"product","link":"https:\/\/hantom.ch\/fr\/produit\/t2301206-cables-pour-installations-de-securite-sw-clt-1-5-sw-clt_10x4x1-5-mm-d\/","title":{"rendered":"T2301206 &#8211; C\u00e2bles pour installations de s\u00e9curit\u00e9  SW-CLT (1.5) SW-CLT_10x4x1.5 mm D"},"content":{"rendered":"<p>Sur la base des Chemins de fer f\u00e9d\u00e9raux suisses CFF<br \/>Diam\u00e8tre ext\u00e9rieur : 31 mm<br \/>Poids net : 1305 kg\/km<br \/>Charge de traction max. : 350<\/p>\n","protected":false},"excerpt":{"rendered":"<p>Sur la base des Chemins de fer f\u00e9d\u00e9raux suisses CFFDiam\u00e8tre ext\u00e9rieur : 31 mmPoids net : 1305 kg\/kmCharge de traction max. : 350<\/p>\n","protected":false},"featured_media":58776,"template":"","meta":[],"product_brand":[],"product_cat":[1544,1542,1507,1541],"product_tag":[],"class_list":{"0":"post-104190","1":"product","2":"type-product","3":"status-publish","4":"has-post-thumbnail","6":"product_cat-t23012-fr","7":"product_cat-t2301-fr","8":"product_cat-t-fr","9":"product_cat-t23-fr","10":"pa_mengeneinheit-m","12":"first","13":"instock","14":"taxable","15":"shipping-taxable","16":"purchasable","17":"product-type-simple"},"_links":{"self":[{"href":"https:\/\/hantom.ch\/fr\/wp-json\/wp\/v2\/product\/104190","targetHints":{"allow":["GET"]}}],"collection":[{"href":"https:\/\/hantom.ch\/fr\/wp-json\/wp\/v2\/product"}],"about":[{"href":"https:\/\/hantom.ch\/fr\/wp-json\/wp\/v2\/types\/product"}],"wp:featuredmedia":[{"embeddable":true,"href":"https:\/\/hantom.ch\/fr\/wp-json\/wp\/v2\/media\/58776"}],"wp:attachment":[{"href":"https:\/\/hantom.ch\/fr\/wp-json\/wp\/v2\/media?parent=104190"}],"wp:term":[{"taxonomy":"product_brand","embeddable":true,"href":"https:\/\/hantom.ch\/fr\/wp-json\/wp\/v2\/product_brand?post=104190"},{"taxonomy":"product_cat","embeddable":true,"href":"https:\/\/hantom.ch\/fr\/wp-json\/wp\/v2\/product_cat?post=104190"},{"taxonomy":"product_tag","embeddable":true,"href":"https:\/\/hantom.ch\/fr\/wp-json\/wp\/v2\/product_tag?post=104190"}],"curies":[{"name":"wp","href":"https:\/\/api.w.org\/{rel}","templated":true}]}}