{"id":104208,"date":"2026-04-04T10:46:06","date_gmt":"2026-04-04T08:46:06","guid":{"rendered":"https:\/\/hantom.ch\/product\/t2303006-cable-de-telecommunication-cable-exterieur-tk-20x4x0-6-pe-alt\/"},"modified":"2026-04-01T10:54:02","modified_gmt":"2026-04-01T08:54:02","slug":"t2303006-cable-de-telecommunication-cable-exterieur-tk-20x4x0-6-pe-alt","status":"publish","type":"product","link":"https:\/\/hantom.ch\/fr\/produit\/t2303006-cable-de-telecommunication-cable-exterieur-tk-20x4x0-6-pe-alt\/","title":{"rendered":"T2303006 &#8211; C\u00e2ble de t\u00e9l\u00e9communication &#8211; c\u00e2ble ext\u00e9rieur TK-20x4x0.6 PE-ALT"},"content":{"rendered":"<p>Fil de cuivre nu monobrin <br \/>Diam\u00e8tre 0,6 mm<br \/>Quadruple : WS-OR-TK-VI<br \/>Quadruple directionnel : WS-GN-TK-VI<br \/>Quadruple normal 1 : WS-BR-TK-VI<br \/>Quadruple normal 2 : WS-GR-TK-VI<br \/>Quatre fils par paire torsad\u00e9e, paires torsad\u00e9es en couches sur l&apos;\u00e2me du c\u00e2ble, enroul\u00e9es de plastique.<br \/>Blindage en ruban d&apos;aluminium rev\u00eatu de PE sur une face, soud\u00e9 \u00e0 une gaine ext\u00e9rieure en PE.<br \/>Prescription : selon PTT 844.14<\/p>\n","protected":false},"excerpt":{"rendered":"<p>Fil de cuivre nu monobrin Diam\u00e8tre 0,6 mmQuadruple : WS-OR-TK-VIQuadruple directionnel : WS-GN-TK-VIQuadruple normal 1 : WS-BR-TK-VIQuadruple normal 2 : WS-GR-TK-VIQuatre fils par paire torsad\u00e9e, paires torsad\u00e9es en couches sur l&apos;\u00e2me du c\u00e2ble, enroul\u00e9es de plastique.Blindage en ruban d&apos;aluminium rev\u00eatu de PE sur une face, soud\u00e9 \u00e0 une gaine ext\u00e9rieure en PE.Prescription : selon PTT [&hellip;]<\/p>\n","protected":false},"featured_media":71013,"template":"","meta":[],"product_brand":[],"product_cat":[1550,1551,1507,1541],"product_tag":[],"class_list":{"0":"post-104208","1":"product","2":"type-product","3":"status-publish","4":"has-post-thumbnail","6":"product_cat-t2303-fr","7":"product_cat-t23030-fr","8":"product_cat-t-fr","9":"product_cat-t23-fr","10":"pa_mengeneinheit-m","12":"first","13":"instock","14":"taxable","15":"shipping-taxable","16":"purchasable","17":"product-type-simple"},"_links":{"self":[{"href":"https:\/\/hantom.ch\/fr\/wp-json\/wp\/v2\/product\/104208","targetHints":{"allow":["GET"]}}],"collection":[{"href":"https:\/\/hantom.ch\/fr\/wp-json\/wp\/v2\/product"}],"about":[{"href":"https:\/\/hantom.ch\/fr\/wp-json\/wp\/v2\/types\/product"}],"wp:featuredmedia":[{"embeddable":true,"href":"https:\/\/hantom.ch\/fr\/wp-json\/wp\/v2\/media\/71013"}],"wp:attachment":[{"href":"https:\/\/hantom.ch\/fr\/wp-json\/wp\/v2\/media?parent=104208"}],"wp:term":[{"taxonomy":"product_brand","embeddable":true,"href":"https:\/\/hantom.ch\/fr\/wp-json\/wp\/v2\/product_brand?post=104208"},{"taxonomy":"product_cat","embeddable":true,"href":"https:\/\/hantom.ch\/fr\/wp-json\/wp\/v2\/product_cat?post=104208"},{"taxonomy":"product_tag","embeddable":true,"href":"https:\/\/hantom.ch\/fr\/wp-json\/wp\/v2\/product_tag?post=104208"}],"curies":[{"name":"wp","href":"https:\/\/api.w.org\/{rel}","templated":true}]}}