{"id":104223,"date":"2026-04-20T10:16:45","date_gmt":"2026-04-20T08:16:45","guid":{"rendered":"https:\/\/hantom.ch\/product\/t2304001-cables-de-signalisation-et-de-telecommunication-en-cuivre-pe4-alt-5x4x0-8\/"},"modified":"2026-04-01T10:54:13","modified_gmt":"2026-04-01T08:54:13","slug":"t2304001-cables-de-signalisation-et-de-telecommunication-en-cuivre-pe4-alt-5x4x0-8","status":"publish","type":"product","link":"https:\/\/hantom.ch\/fr\/produit\/t2304001-cables-de-signalisation-et-de-telecommunication-en-cuivre-pe4-alt-5x4x0-8\/","title":{"rendered":"T2304001 &#8211; C\u00e2bles de signalisation et de t\u00e9l\u00e9communication en cuivre PE4-ALT 5x4x0.8"},"content":{"rendered":"<p>selon le cahier des charges SBB\/CFF\/FFS 3001.52.1000<br \/>\u00e9tanch\u00e9it\u00e9 radiale<br \/>protection contre les influences \u00e9lectromagn\u00e9tiques ext\u00e9rieures<br \/>haute qualit\u00e9 de transmission<\/p>\n","protected":false},"excerpt":{"rendered":"<p>selon le cahier des charges SBB\/CFF\/FFS 3001.52.1000\u00e9tanch\u00e9it\u00e9 radialeprotection contre les influences \u00e9lectromagn\u00e9tiques ext\u00e9rieureshaute qualit\u00e9 de transmission<\/p>\n","protected":false},"featured_media":65175,"template":"","meta":[],"product_brand":[],"product_cat":[1555,1554,1507,1541],"product_tag":[],"class_list":{"0":"post-104223","1":"product","2":"type-product","3":"status-publish","4":"has-post-thumbnail","6":"product_cat-t23040-fr","7":"product_cat-t2304-fr","8":"product_cat-t-fr","9":"product_cat-t23-fr","10":"pa_mengeneinheit-m","12":"first","13":"instock","14":"taxable","15":"shipping-taxable","16":"purchasable","17":"product-type-simple"},"_links":{"self":[{"href":"https:\/\/hantom.ch\/fr\/wp-json\/wp\/v2\/product\/104223","targetHints":{"allow":["GET"]}}],"collection":[{"href":"https:\/\/hantom.ch\/fr\/wp-json\/wp\/v2\/product"}],"about":[{"href":"https:\/\/hantom.ch\/fr\/wp-json\/wp\/v2\/types\/product"}],"wp:featuredmedia":[{"embeddable":true,"href":"https:\/\/hantom.ch\/fr\/wp-json\/wp\/v2\/media\/65175"}],"wp:attachment":[{"href":"https:\/\/hantom.ch\/fr\/wp-json\/wp\/v2\/media?parent=104223"}],"wp:term":[{"taxonomy":"product_brand","embeddable":true,"href":"https:\/\/hantom.ch\/fr\/wp-json\/wp\/v2\/product_brand?post=104223"},{"taxonomy":"product_cat","embeddable":true,"href":"https:\/\/hantom.ch\/fr\/wp-json\/wp\/v2\/product_cat?post=104223"},{"taxonomy":"product_tag","embeddable":true,"href":"https:\/\/hantom.ch\/fr\/wp-json\/wp\/v2\/product_tag?post=104223"}],"curies":[{"name":"wp","href":"https:\/\/api.w.org\/{rel}","templated":true}]}}