{"id":104227,"date":"2026-04-16T10:32:20","date_gmt":"2026-04-16T08:32:20","guid":{"rendered":"https:\/\/hantom.ch\/product\/t2304011-cables-de-signalisation-et-de-telecommunication-en-cuivre-pe-alt-5x4x0-8\/"},"modified":"2026-04-01T10:54:18","modified_gmt":"2026-04-01T08:54:18","slug":"t2304011-cables-de-signalisation-et-de-telecommunication-en-cuivre-pe-alt-5x4x0-8","status":"publish","type":"product","link":"https:\/\/hantom.ch\/fr\/produit\/t2304011-cables-de-signalisation-et-de-telecommunication-en-cuivre-pe-alt-5x4x0-8\/","title":{"rendered":"T2304011 &#8211; C\u00e2bles de signalisation et de t\u00e9l\u00e9communication en cuivre PE-ALT 5x4x0.8"},"content":{"rendered":"<p>Isolation des fils PE<br \/>Sans halog\u00e8ne<\/p>\n","protected":false},"excerpt":{"rendered":"<p>Isolation des fils PESans halog\u00e8ne<\/p>\n","protected":false},"featured_media":58459,"template":"","meta":[],"product_brand":[],"product_cat":[1555,1554,1507,1541],"product_tag":[],"class_list":{"0":"post-104227","1":"product","2":"type-product","3":"status-publish","4":"has-post-thumbnail","6":"product_cat-t23040-fr","7":"product_cat-t2304-fr","8":"product_cat-t-fr","9":"product_cat-t23-fr","10":"pa_mengeneinheit-m","12":"first","13":"instock","14":"taxable","15":"shipping-taxable","16":"purchasable","17":"product-type-simple"},"_links":{"self":[{"href":"https:\/\/hantom.ch\/fr\/wp-json\/wp\/v2\/product\/104227","targetHints":{"allow":["GET"]}}],"collection":[{"href":"https:\/\/hantom.ch\/fr\/wp-json\/wp\/v2\/product"}],"about":[{"href":"https:\/\/hantom.ch\/fr\/wp-json\/wp\/v2\/types\/product"}],"wp:featuredmedia":[{"embeddable":true,"href":"https:\/\/hantom.ch\/fr\/wp-json\/wp\/v2\/media\/58459"}],"wp:attachment":[{"href":"https:\/\/hantom.ch\/fr\/wp-json\/wp\/v2\/media?parent=104227"}],"wp:term":[{"taxonomy":"product_brand","embeddable":true,"href":"https:\/\/hantom.ch\/fr\/wp-json\/wp\/v2\/product_brand?post=104227"},{"taxonomy":"product_cat","embeddable":true,"href":"https:\/\/hantom.ch\/fr\/wp-json\/wp\/v2\/product_cat?post=104227"},{"taxonomy":"product_tag","embeddable":true,"href":"https:\/\/hantom.ch\/fr\/wp-json\/wp\/v2\/product_tag?post=104227"}],"curies":[{"name":"wp","href":"https:\/\/api.w.org\/{rel}","templated":true}]}}