{"id":104237,"date":"2026-04-20T10:17:01","date_gmt":"2026-04-20T08:17:01","guid":{"rendered":"https:\/\/hantom.ch\/product\/t2304203-cable-de-telecommunication-avec-cablage-en-etoile-a-quatre-branches-1-0-pe4-alt-clt_30x4x1-0-mmd\/"},"modified":"2026-04-01T10:54:25","modified_gmt":"2026-04-01T08:54:25","slug":"t2304203-cable-de-telecommunication-avec-cablage-en-etoile-a-quatre-branches-1-0-pe4-alt-clt_30x4x1-0-mmd","status":"publish","type":"product","link":"https:\/\/hantom.ch\/fr\/produit\/t2304203-cable-de-telecommunication-avec-cablage-en-etoile-a-quatre-branches-1-0-pe4-alt-clt_30x4x1-0-mmd\/","title":{"rendered":"T2304203 &#8211; C\u00e2ble de t\u00e9l\u00e9communication avec c\u00e2blage en \u00e9toile \u00e0 quatre branches (1.0) PE4-ALT-CLT_30x4x1.0 mmD"},"content":{"rendered":"<p>Sur la base des Chemins de fer f\u00e9d\u00e9raux suisses CFF<br \/>Diam\u00e8tre ext\u00e9rieur : 36 mm<br \/>Poids net : 1670 kg\/km<\/p>\n","protected":false},"excerpt":{"rendered":"<p>Sur la base des Chemins de fer f\u00e9d\u00e9raux suisses CFFDiam\u00e8tre ext\u00e9rieur : 36 mmPoids net : 1670 kg\/km<\/p>\n","protected":false},"featured_media":58895,"template":"","meta":[],"product_brand":[],"product_cat":[1554,1557,1507,1541],"product_tag":[],"class_list":{"0":"post-104237","1":"product","2":"type-product","3":"status-publish","4":"has-post-thumbnail","6":"product_cat-t2304-fr","7":"product_cat-t23042-fr","8":"product_cat-t-fr","9":"product_cat-t23-fr","10":"pa_mengeneinheit-m","12":"first","13":"instock","14":"taxable","15":"shipping-taxable","16":"purchasable","17":"product-type-simple"},"_links":{"self":[{"href":"https:\/\/hantom.ch\/fr\/wp-json\/wp\/v2\/product\/104237","targetHints":{"allow":["GET"]}}],"collection":[{"href":"https:\/\/hantom.ch\/fr\/wp-json\/wp\/v2\/product"}],"about":[{"href":"https:\/\/hantom.ch\/fr\/wp-json\/wp\/v2\/types\/product"}],"wp:featuredmedia":[{"embeddable":true,"href":"https:\/\/hantom.ch\/fr\/wp-json\/wp\/v2\/media\/58895"}],"wp:attachment":[{"href":"https:\/\/hantom.ch\/fr\/wp-json\/wp\/v2\/media?parent=104237"}],"wp:term":[{"taxonomy":"product_brand","embeddable":true,"href":"https:\/\/hantom.ch\/fr\/wp-json\/wp\/v2\/product_brand?post=104237"},{"taxonomy":"product_cat","embeddable":true,"href":"https:\/\/hantom.ch\/fr\/wp-json\/wp\/v2\/product_cat?post=104237"},{"taxonomy":"product_tag","embeddable":true,"href":"https:\/\/hantom.ch\/fr\/wp-json\/wp\/v2\/product_tag?post=104237"}],"curies":[{"name":"wp","href":"https:\/\/api.w.org\/{rel}","templated":true}]}}